{"id":49811,"date":"2021-10-04T17:53:51","date_gmt":"2021-10-04T17:53:51","guid":{"rendered":"https:\/\/ab-procurement.com\/red-global\/"},"modified":"2025-02-01T04:30:40","modified_gmt":"2025-02-01T04:30:40","slug":"red-global","status":"publish","type":"page","link":"https:\/\/ab-procurement.com\/es\/red-global\/","title":{"rendered":"RED GLOBAL"},"content":{"rendered":"<p>[et_pb_section fb_built=\u00bb1&#8243; disabled_on=\u00bbon|on|off\u00bb admin_label=\u00bbHero Section\u00bb _builder_version=\u00bb4.19.3&#8243; use_background_color_gradient=\u00bbon\u00bb background_color_gradient_stops=\u00bbrgba(0,0,0,0.4) 0%|rgba(0,0,0,0.4) 100%\u00bb background_color_gradient_overlays_image=\u00bbon\u00bb background_color_gradient_start=\u00bbrgba(0,0,0,0.4)\u00bb background_color_gradient_end=\u00bbrgba(0,0,0,0.4)\u00bb background_image=\u00bbhttps:\/\/ab-procurement.com\/wp-content\/uploads\/2025\/02\/shutterstock_2523969019-scaled.jpg\u00bb background_blend=\u00bbluminosity\u00bb min_height=\u00bb401px\u00bb custom_padding=\u00bb6%||7.9%|||\u00bb bottom_divider_style=\u00bbramp2&#8243; bottom_divider_color=\u00bbrgba(234,234,234,0.27)\u00bb bottom_divider_height=\u00bb500px\u00bb bottom_divider_repeat=\u00bb1x\u00bb bottom_divider_flip=\u00bbhorizontal\u00bb global_colors_info=\u00bb{}\u00bb background_color_gradient_direction__hover=\u00bb180deg\u00bb background_color_gradient_direction__hover_enabled=\u00bb180deg\u00bb background_color_gradient_start_position__hover=\u00bb0%\u00bb background_color_gradient_start_position__hover_enabled=\u00bb0%\u00bb background_color_gradient_end_position__hover=\u00bb100%\u00bb background_color_gradient_end_position__hover_enabled=\u00bb100%\u00bb background_color_gradient_stops__hover=\u00bbrgba(0,0,0,0.4) 0%|rgba(0,0,0,0.4) 100%\u00bb][et_pb_row admin_label=\u00bbPage Title Area\u00bb _builder_version=\u00bb4.16&#8243; custom_padding=\u00bb79px|||||\u00bb global_colors_info=\u00bb{}\u00bb][et_pb_column type=\u00bb4_4&#8243; _builder_version=\u00bb4.16&#8243; custom_padding=\u00bb|||\u00bb global_colors_info=\u00bb{}\u00bb custom_padding__hover=\u00bb|||\u00bb][et_pb_text admin_label=\u00bbHero Section Title\u00bb _builder_version=\u00bb4.16&#8243; text_font=\u00bbMontserrat||||||||\u00bb text_font_size=\u00bb18px\u00bb text_line_height=\u00bb1.8em\u00bb header_font=\u00bbMontserrat|600||on|||||\u00bb header_font_size=\u00bb48px\u00bb header_letter_spacing=\u00bb3px\u00bb header_line_height=\u00bb1.3em\u00bb header_2_font=\u00bbMontserrat|700|||||||\u00bb header_2_text_color=\u00bbrgba(255,255,255,0.6)\u00bb header_2_font_size=\u00bb90px\u00bb header_2_letter_spacing=\u00bb3px\u00bb header_2_line_height=\u00bb1.1em\u00bb text_orientation=\u00bbcenter\u00bb background_layout=\u00bbdark\u00bb max_width=\u00bb700px\u00bb module_alignment=\u00bbcenter\u00bb custom_margin=\u00bb|||\u00bb animation_style=\u00bbfade\u00bb animation_direction=\u00bbbottom\u00bb header_font_size_tablet=\u00bb\u00bb header_font_size_phone=\u00bb28px\u00bb header_font_size_last_edited=\u00bbon|phone\u00bb header_2_font_size_tablet=\u00bb\u00bb header_2_font_size_phone=\u00bb50px\u00bb header_2_font_size_last_edited=\u00bbon|phone\u00bb global_colors_info=\u00bb{}\u00bb]<\/p>\n<h1 style=\"text-align: left;\">RED GLOBAL<\/h1>\n<p>&nbsp;<\/p>\n<p>[\/et_pb_text][\/et_pb_column][\/et_pb_row][\/et_pb_section][et_pb_section fb_built=\u00bb1&#8243; disabled_on=\u00bbon|off|on\u00bb admin_label=\u00bbHero Section\u00bb _builder_version=\u00bb4.19.3&#8243; use_background_color_gradient=\u00bbon\u00bb background_color_gradient_stops=\u00bbrgba(0,0,0,0.4) 0%|rgba(0,0,0,0.4) 100%\u00bb background_color_gradient_overlays_image=\u00bbon\u00bb background_color_gradient_start=\u00bbrgba(0,0,0,0.4)\u00bb background_color_gradient_end=\u00bbrgba(0,0,0,0.4)\u00bb background_image=\u00bbhttps:\/\/ab-procurement.com\/wp-content\/uploads\/2025\/02\/shutterstock_2523969019-scaled.jpg\u00bb background_blend=\u00bbluminosity\u00bb min_height=\u00bb401px\u00bb custom_padding=\u00bb6%||7.9%|||\u00bb bottom_divider_style=\u00bbramp2&#8243; bottom_divider_color=\u00bbrgba(234,234,234,0.27)\u00bb bottom_divider_height=\u00bb410px\u00bb bottom_divider_repeat=\u00bb1x\u00bb bottom_divider_flip=\u00bbhorizontal\u00bb global_colors_info=\u00bb{}\u00bb background_color_gradient_direction__hover=\u00bb180deg\u00bb background_color_gradient_direction__hover_enabled=\u00bb180deg\u00bb background_color_gradient_start_position__hover=\u00bb0%\u00bb background_color_gradient_start_position__hover_enabled=\u00bb0%\u00bb background_color_gradient_end_position__hover=\u00bb100%\u00bb background_color_gradient_end_position__hover_enabled=\u00bb100%\u00bb background_color_gradient_stops__hover=\u00bbrgba(0,0,0,0.4) 0%|rgba(0,0,0,0.4) 100%\u00bb][et_pb_row admin_label=\u00bbPage Title Area\u00bb _builder_version=\u00bb4.16&#8243; custom_padding=\u00bb79px|||||\u00bb global_colors_info=\u00bb{}\u00bb][et_pb_column type=\u00bb4_4&#8243; _builder_version=\u00bb4.16&#8243; custom_padding=\u00bb|||\u00bb global_colors_info=\u00bb{}\u00bb custom_padding__hover=\u00bb|||\u00bb][et_pb_text admin_label=\u00bbHero Section Title\u00bb _builder_version=\u00bb4.16&#8243; text_font=\u00bbMontserrat||||||||\u00bb text_font_size=\u00bb18px\u00bb text_line_height=\u00bb1.8em\u00bb header_font=\u00bbMontserrat|600||on|||||\u00bb header_font_size=\u00bb48px\u00bb header_letter_spacing=\u00bb3px\u00bb header_line_height=\u00bb1.3em\u00bb header_2_font=\u00bbMontserrat|700|||||||\u00bb header_2_text_color=\u00bbrgba(255,255,255,0.6)\u00bb header_2_font_size=\u00bb90px\u00bb header_2_letter_spacing=\u00bb3px\u00bb header_2_line_height=\u00bb1.1em\u00bb text_orientation=\u00bbcenter\u00bb background_layout=\u00bbdark\u00bb max_width=\u00bb700px\u00bb module_alignment=\u00bbcenter\u00bb custom_margin=\u00bb|||\u00bb animation_style=\u00bbfade\u00bb animation_direction=\u00bbbottom\u00bb header_font_size_tablet=\u00bb\u00bb header_font_size_phone=\u00bb28px\u00bb header_font_size_last_edited=\u00bbon|phone\u00bb header_2_font_size_tablet=\u00bb\u00bb header_2_font_size_phone=\u00bb50px\u00bb header_2_font_size_last_edited=\u00bbon|phone\u00bb global_colors_info=\u00bb{}\u00bb]<\/p>\n<h1 style=\"text-align: left;\">RED GLOBAL<\/h1>\n<p>&nbsp;<\/p>\n<p>[\/et_pb_text][\/et_pb_column][\/et_pb_row][\/et_pb_section][et_pb_section fb_built=\u00bb1&#8243; disabled_on=\u00bboff|on|on\u00bb admin_label=\u00bbHero Section\u00bb _builder_version=\u00bb4.19.3&#8243; use_background_color_gradient=\u00bbon\u00bb background_color_gradient_stops=\u00bbrgba(0,0,0,0.4) 0%|rgba(0,0,0,0.4) 100%\u00bb background_color_gradient_overlays_image=\u00bbon\u00bb background_color_gradient_start=\u00bbrgba(0,0,0,0.4)\u00bb background_color_gradient_end=\u00bbrgba(0,0,0,0.4)\u00bb background_image=\u00bbhttps:\/\/ab-procurement.com\/wp-content\/uploads\/2025\/02\/shutterstock_2523969019-scaled.jpg\u00bb background_blend=\u00bbluminosity\u00bb min_height=\u00bb200px\u00bb custom_padding=\u00bb6%||7.9%|||\u00bb bottom_divider_style=\u00bbramp2&#8243; bottom_divider_color=\u00bbrgba(234,234,234,0.27)\u00bb bottom_divider_height=\u00bb250px\u00bb bottom_divider_repeat=\u00bb1x\u00bb bottom_divider_flip=\u00bbhorizontal\u00bb global_colors_info=\u00bb{}\u00bb background_color_gradient_direction__hover=\u00bb180deg\u00bb background_color_gradient_direction__hover_enabled=\u00bb180deg\u00bb background_color_gradient_start_position__hover=\u00bb0%\u00bb background_color_gradient_start_position__hover_enabled=\u00bb0%\u00bb background_color_gradient_end_position__hover=\u00bb100%\u00bb background_color_gradient_end_position__hover_enabled=\u00bb100%\u00bb background_color_gradient_stops__hover=\u00bbrgba(0,0,0,0.4) 0%|rgba(0,0,0,0.4) 100%\u00bb][et_pb_row admin_label=\u00bbPage Title Area\u00bb _builder_version=\u00bb4.16&#8243; custom_padding=\u00bb79px|||||\u00bb global_colors_info=\u00bb{}\u00bb][et_pb_column type=\u00bb4_4&#8243; _builder_version=\u00bb4.16&#8243; custom_padding=\u00bb|||\u00bb global_colors_info=\u00bb{}\u00bb custom_padding__hover=\u00bb|||\u00bb][et_pb_text admin_label=\u00bbHero Section Title\u00bb _builder_version=\u00bb4.16&#8243; text_font=\u00bbMontserrat||||||||\u00bb text_font_size=\u00bb18px\u00bb text_line_height=\u00bb1.8em\u00bb header_font=\u00bbMontserrat|600||on|||||\u00bb header_font_size=\u00bb48px\u00bb header_letter_spacing=\u00bb3px\u00bb header_line_height=\u00bb1.3em\u00bb header_2_font=\u00bbMontserrat|700|||||||\u00bb header_2_text_color=\u00bbrgba(255,255,255,0.6)\u00bb header_2_font_size=\u00bb90px\u00bb header_2_letter_spacing=\u00bb3px\u00bb header_2_line_height=\u00bb1.1em\u00bb text_orientation=\u00bbcenter\u00bb background_layout=\u00bbdark\u00bb max_width=\u00bb700px\u00bb module_alignment=\u00bbcenter\u00bb custom_margin=\u00bb|||\u00bb animation_style=\u00bbfade\u00bb animation_direction=\u00bbbottom\u00bb header_font_size_tablet=\u00bb\u00bb header_font_size_phone=\u00bb28px\u00bb header_font_size_last_edited=\u00bbon|phone\u00bb header_2_font_size_tablet=\u00bb\u00bb header_2_font_size_phone=\u00bb50px\u00bb header_2_font_size_last_edited=\u00bbon|phone\u00bb global_colors_info=\u00bb{}\u00bb]<\/p>\n<h1 style=\"text-align: left;\">RED GLOBAL<\/h1>\n<p>&nbsp;<\/p>\n<p>[\/et_pb_text][\/et_pb_column][\/et_pb_row][\/et_pb_section][et_pb_section fb_built=\u00bb1&#8243; admin_label=\u00bbContact Section\u00bb _builder_version=\u00bb4.16&#8243; use_background_color_gradient=\u00bbon\u00bb background_color_gradient_direction=\u00bb105deg\u00bb background_color_gradient_stops=\u00bbrgba(234,234,234,0.74) 65%|#ffffff 65%\u00bb background_color_gradient_start=\u00bbrgba(234,234,234,0.74)\u00bb background_color_gradient_start_position=\u00bb65%\u00bb background_color_gradient_end=\u00bb#ffffff\u00bb background_color_gradient_end_position=\u00bb65%\u00bb custom_padding=\u00bb90px||90px|\u00bb global_colors_info=\u00bb{}\u00bb][et_pb_row column_structure=\u00bb1_2,1_2&#8243; _builder_version=\u00bb4.16&#8243; _module_preset=\u00bbdefault\u00bb global_colors_info=\u00bb{}\u00bb][et_pb_column type=\u00bb1_2&#8243; _builder_version=\u00bb4.16&#8243; _module_preset=\u00bbdefault\u00bb global_colors_info=\u00bb{}\u00bb][et_pb_image src=\u00bbhttps:\/\/ab-procurement.com\/wp-content\/uploads\/2017\/10\/logovector.png\u00bb title_text=\u00bblogovector\u00bb _builder_version=\u00bb4.16&#8243; _module_preset=\u00bbdefault\u00bb width=\u00bb72%\u00bb max_width=\u00bb74%\u00bb module_alignment=\u00bbcenter\u00bb custom_margin=\u00bb96px||96px||true|false\u00bb global_colors_info=\u00bb{}\u00bb][\/et_pb_image][et_pb_text _builder_version=\u00bb4.16&#8243; _module_preset=\u00bbdefault\u00bb text_orientation=\u00bbjustified\u00bb custom_margin=\u00bb||||false|false\u00bb custom_padding=\u00bb|0px||0px|false|true\u00bb global_colors_info=\u00bb{}\u00bb]<\/p>\n<p style=\"text-align: justify;\">A&amp;B Procurement Solutions Corp. brinda un nivel de calidad y servicio que supera las expectativas de nuestros clientes. Nuestros proveedores son fundamentales para alcanzar ese objetivo. Nuestro Departamento de Adquisiciones es el \u00fanico punto de contacto para todas las actividades a lo largo de la cadena de suministro, desde la b\u00fasqueda de proveedores calificados hasta la adjudicaci\u00f3n de contratos de adquisici\u00f3n y la gesti\u00f3n del inventario.<\/p>\n<p style=\"text-align: justify;\">Toda la actividad de adquisiciones es realizada por profesionales de adquisiciones calificados y experimentados que practican pol\u00edticas y procedimientos de adquisiciones establecidos y probados.<\/p>\n<p style=\"text-align: justify;\">Las actividades de adquisici\u00f3n del proyecto incluyen la obtenci\u00f3n y calificaci\u00f3n de proveedores, la preparaci\u00f3n y emisi\u00f3n de documentos de licitaci\u00f3n, la tabulaci\u00f3n y evaluaci\u00f3n de propuestas de proveedores, las negociaciones de contratos, el desarrollo de recomendaciones de compra, la emisi\u00f3n y administraci\u00f3n de \u00f3rdenes de compra, la agilizaci\u00f3n de la administraci\u00f3n, la planificaci\u00f3n y coordinaci\u00f3n de la inspecci\u00f3n de la fuente y el seguimiento de entregas de equipos y materiales.<\/p>\n<p>[\/et_pb_text][\/et_pb_column][et_pb_column type=\u00bb1_2&#8243; _builder_version=\u00bb4.16&#8243; _module_preset=\u00bbdefault\u00bb global_colors_info=\u00bb{}\u00bb][et_pb_text _builder_version=\u00bb4.16&#8243; _module_preset=\u00bbdefault\u00bb text_orientation=\u00bbjustified\u00bb custom_margin=\u00bb||||false|false\u00bb custom_padding=\u00bb|0px||0px|false|true\u00bb global_colors_info=\u00bb{}\u00bb]<\/p>\n<p><strong>Satisfacer las necesidades de nuestros clientes<\/strong><\/p>\n<p style=\"text-align: justify;\">Desarrollamos y mantenemos relaciones estrat\u00e9gicas con proveedores que aportan valor a largo plazo a nuestros clientes internos y externos y administramos de manera eficaz los productos b\u00e1sicos que compramos. Logramos nuestra misi\u00f3n entregando el menor costo total de adquisici\u00f3n de materiales, equipos y servicios en toda la empresa.<\/p>\n<p>[\/et_pb_text][et_pb_text _builder_version=\u00bb4.16&#8243; _module_preset=\u00bbdefault\u00bb text_orientation=\u00bbjustified\u00bb custom_margin=\u00bb||||false|false\u00bb custom_padding=\u00bb|0px||0px|false|true\u00bb global_colors_info=\u00bb{}\u00bb]<\/p>\n<p><span class=\"Y2IQFc\" lang=\"es\">Una red de cadena de suministro global que ayudar\u00e1 a su organizaci\u00f3n a estar preparada y gestionar eficazmente los riesgos de su cadena de suministro. Tenemos una amplia experiencia en una amplia gama de industrias, que incluyen:<\/span><\/p>\n<p>[\/et_pb_text][et_pb_text _builder_version=\u00bb4.16&#8243; _module_preset=\u00bbdefault\u00bb text_orientation=\u00bbjustified\u00bb custom_margin=\u00bb||||false|false\u00bb custom_padding=\u00bb|0px||0px|false|true\u00bb global_colors_info=\u00bb{}\u00bb]<\/p>\n<ul>\n<li>EQUIPAMIENTO AGR\u00cdCOLA<\/li>\n<li>PETROQU\u00cdMICO<\/li>\n<li>TELECOMUNICACIONES<\/li>\n<li>QUIMICO<\/li>\n<li>CONSTRUCCI\u00d3N<\/li>\n<li>INDUSTRIA DE ALIMENTOS<\/li>\n<li>MARINA<\/li>\n<li>ENERGIA Y SERVICIOS<\/li>\n<li>MINERIA<\/li>\n<li>PETROLEO Y DERIVADOS<\/li>\n<li>FARMACEUTICO<\/li>\n<\/ul>\n<p>[\/et_pb_text][\/et_pb_column][\/et_pb_row][\/et_pb_section]<\/p>\n","protected":false},"excerpt":{"rendered":"<p>RED GLOBAL &nbsp;RED GLOBAL &nbsp;RED GLOBAL &nbsp;A&amp;B Procurement Solutions Corp. brinda un nivel de calidad y servicio que supera las expectativas de nuestros clientes. Nuestros proveedores son fundamentales para alcanzar ese objetivo. Nuestro Departamento de Adquisiciones es el \u00fanico punto de contacto para todas las actividades a lo largo de la cadena de suministro, desde [&hellip;]<\/p>\n","protected":false},"author":1,"featured_media":0,"parent":0,"menu_order":3,"comment_status":"closed","ping_status":"closed","template":"","meta":{"_et_pb_use_builder":"on","_et_pb_old_content":"","_et_gb_content_width":"","footnotes":""},"class_list":["post-49811","page","type-page","status-publish","hentry"],"_links":{"self":[{"href":"https:\/\/ab-procurement.com\/es\/wp-json\/wp\/v2\/pages\/49811","targetHints":{"allow":["GET"]}}],"collection":[{"href":"https:\/\/ab-procurement.com\/es\/wp-json\/wp\/v2\/pages"}],"about":[{"href":"https:\/\/ab-procurement.com\/es\/wp-json\/wp\/v2\/types\/page"}],"author":[{"embeddable":true,"href":"https:\/\/ab-procurement.com\/es\/wp-json\/wp\/v2\/users\/1"}],"replies":[{"embeddable":true,"href":"https:\/\/ab-procurement.com\/es\/wp-json\/wp\/v2\/comments?post=49811"}],"version-history":[{"count":0,"href":"https:\/\/ab-procurement.com\/es\/wp-json\/wp\/v2\/pages\/49811\/revisions"}],"wp:attachment":[{"href":"https:\/\/ab-procurement.com\/es\/wp-json\/wp\/v2\/media?parent=49811"}],"curies":[{"name":"wp","href":"https:\/\/api.w.org\/{rel}","templated":true}]}}